{"id":20,"date":"2013-02-17T12:25:59","date_gmt":"2013-02-17T11:25:59","guid":{"rendered":"http:\/\/keresztenyszocialis-forum.hu\/?page_id=20"},"modified":"2025-11-28T11:12:35","modified_gmt":"2025-11-28T10:12:35","slug":"friss-hirek","status":"publish","type":"page","link":"http:\/\/keresztenyszocialis-forum.hu\/?page_id=20","title":{"rendered":"V\u00e9lem\u00e9ny"},"content":{"rendered":"<p>Az ellenz\u00e9k legsikeresebb korm\u00e1ny ellenes \u00a0t\u00e1mad\u00e1si szlogenje az \u00e9vek \u00f3ta tart\u00f3 folyamatos sulykol\u00e1sa annak, hogy \u201ea Fidesz \u00e9s a korm\u00e1ny korrupt, s\u0151t Eur\u00f3pa legkorruptabb korm\u00e1nya, m\u00e1st se csin\u00e1l, mint a saj\u00e1t \u00e9s a haverjai zseb\u00e9t t\u00f6mi, \u00e9s mindezt t\u0151l\u00fcnk lopja el.\u201d Azel\u0151tt M\u00e1rki-Zay, most Magyar P\u00e9ter k\u00f6vetkezetesen csak &#8222;a tolvaj korm\u00e1ny&#8221; megnevez\u00e9st haszn\u00e1lja r\u00e1nk. Majd folytat\u00f3dik a r\u00e1galmaz\u00e1s a \u201em\u00e9sz\u00e1rosl\u0151rincez\u00e9ssel\u201d \u00e9s a \u201estadion\u00e9p\u00edt\u00e9ssel.\u201d Az emberek vev\u0151k erre, mint \u00e1ltal\u00e1ban minden r\u00e1galomra, \u00e9s igen gyakran az \u00fagynevezett k\u00e9pzett, m\u0171velt emberek is, mert csak az ATV-b\u0151l, az RTL-b\u0151l, \u00e9s egyes h\u00edrport\u00e1lokb\u00f3l inform\u00e1l\u00f3dnak, ott pedig nem l\u00e9tezik egyetlen h\u00edrad\u00f3 vagy kerekasztal besz\u00e9lget\u00e9s sem, hogy ezt bele ne sz\u0151n\u00e9k. Ezek ut\u00e1n nem meglep\u0151,hogy ezt hallom vissza minden\u00fctt, a boltokban, a piacon, a villamoson, \u00e9s mi egy\u00e1ltal\u00e1n semmit sem tesz\u00fcnk ellene, nem v\u00e9dekez\u00fcnk, elengedj\u00fck a f\u00fcl\u00fcnk mellett. A TV vit\u00e1kban az ellen oldal sunyi oldalv\u00e1g\u00e1sk\u00e9nt akkor is mind\u00e9g megeml\u00edti, amikor eg\u00e9szen m\u00e1s a t\u00e9ma, a minket k\u00e9pvisel\u0151 vitapartner pedig sohasem reflekt\u00e1l r\u00e1. Nagy hiba ez, mert az emberek nagy r\u00e9sze a vit\u00e1t nem is igen tudja k\u00f6vetni, ez azonban megragad benne, s\u0151t rezon\u00e1l a m\u00e1r r\u00e9gebben bel\u00e9 sulykoltakkal. \u201eHa m\u00e9g csak nem is pr\u00f3b\u00e1lj\u00e1k letagadni, akkor nyilv\u00e1n nem tudnak mit mondani, teh\u00e1t igaz\u201d \u2013gondolja az egyszer\u0171 hallgat\u00f3. Mi\u00e9rt nem v\u00e1gunk vissza, hogy ugyan mondjon m\u00e1r valamit, amit elloptak? Mi\u00e9rt nem vil\u00e1gos\u00edtjuk fel a t\u00e1rsadalmat arr\u00f3l, hogy az igazi lop\u00e1s a rendszerv\u00e1lt\u00e1s el\u0151tt kezd\u0151d\u0151, majd ut\u00e1na folytat\u00f3d\u00f3 \u201espont\u00e1n privatiz\u00e1ci\u00f3\u201e volt? Akkor, amikor a r\u00e9gi nomenklat\u00fara \u201ebag\u00f3\u00e9rt\u201d sz\u00e9trabolt mindent, majd \u2013 miut\u00e1n nem tudt\u00e1k m\u0171k\u00f6dtetni \u2013 nagyobbik r\u00e9sz\u00e9t \u201ej\u00fad\u00e1s p\u00e9nz\u00e9rt\u201d eladt\u00e1k a k\u00fclf\u00f6ldieknek, akik j\u00f3r\u00e9szt megsz\u00fcntett\u00e9k azt. Ez volt az igai rabl\u00e1s, \u00e9s ebben a Fidesz egy\u00e1ltal\u00e1n nem vett r\u00e9szt. \u00c9ppen ellenkez\u0151leg, most igyekszik vissza\u00e1llamos\u00edtani egyes strat\u00e9giai \u00e1gazatokat, ami\u00e9rt megint megkapja a v\u00e1dat, mondv\u00e1n, hogy \u00e1llamos\u00edt, mint a volt szocialista \u00e1llam. (\u201e\u00c9s majd nyilv\u00e1n \u00e1tj\u00e1tssza a haveroknak\u201d \u2013 teszik\u00a0 hozz\u00e1 r\u00f6gt\u00f6n) Arra sem eml\u00e9kszik m\u00e1r az egyszer\u0171 v\u00e1laszt\u00f3, hogy n\u00e1lunk a r\u00e9gi MSZMP N\u00e9meth Mikl\u00f3ssal az \u00e9len l\u00e9nyeg\u00e9ben m\u00e1r 1988-ban bevezette a kapitalizmust. S\u0151t, a magyar t\u00e1rsdalom maga is a kapitalizmusra szavazott \u00e9s szavaz az\u00f3ta is folyamatosan, mert a Munk\u00e1sp\u00e1rton k\u00edv\u00fcl minden p\u00e1rt kapitalizmust hirdet. Akkor most mi\u00e9rt csod\u00e1lkozik, hogy vannak kapitalist\u00e1k is. Mert a kapitalizmus l\u00e9nyege, hogy vannak kapitalist\u00e1k, akik am\u00fagy gazdagabbak a t\u00f6bbi embern\u00e9l. Mi\u00e9rt nem vil\u00e1gos\u00edtjuk fel, hogy nem \u201em\u00e9sz\u00e1rosl\u0151rinc\u201d az egyetlen kapitalista, mert a leggazdagabb \u00f6tsz\u00e1z magyar k\u00f6z\u00f6tt csak mintegy hatvanr\u00f3l mondhat\u00f3 el, hogy Fidesz k\u00f6zeli? Megk\u00e9rdezz\u00fck, hogy kinek lenne jobb, ha mindegyik magyar t\u0151k\u00e9s balliber\u00e1lis lenne? Mi\u00e9rt pont M\u00e9sz\u00e1ros L\u0151rinc cs\u00edpi a szem\u00fcket, aki minden megb\u00edz\u00e1s\u00e1t t\u00f6k\u00e9letesen teljes\u00edtette, \u00e9s minden ad\u00f3j\u00e1t pontosan fizette, ellent\u00e9tben sz\u00e1mos balliber\u00e1lis nagyv\u00e1llalkoz\u00f3val. Olyan hazugs\u00e1gokkal j\u00f6nnek, hogy &#8222;M\u00e9sz\u00e1ros L\u0151rinc megint kapott 18 milli\u00e1rdot.&#8221; Ez term\u00e9szetesen nem igaz, mert 18 milli\u00e1rdos megrendel\u00e9st kapott, amit becs\u00fclettel teljes\u00edtett.\u00a0 Megk\u00e9rdezz\u00fck, hogy tudj\u00e1k-e, hogy a multik \u00e9vente mintegy 12 ezer milli\u00e1rd Ft hasznot visznek ki t\u0151l\u00fcnk, \u00e9s mi\u00e9rt lenne jobb nek\u00fcnk, ha m\u00e9g a \u201em\u00e9sz\u00e1rosl\u0151rincek\u201d nyeres\u00e9g\u00e9t is kivinn\u00e9k? Tudatos\u00edtjuk-e, hogy amikor az EU-ba val\u00f3 bel\u00e9p\u00e9sre szavaztunk (\u00e9n nem), akkor egy teljesen nyitott gazdas\u00e1gra \u00e9s kegyetlen szabadversenyre szavaztunk, ahol a &#8222;versenyk\u00e9pess\u00e9g&#8221; egy d\u00f6nt\u0151 t\u00e9nyez\u0151? Hiszen folyton arr\u00f3l hallunk a h\u00edrekben is, hogy javul-e haz\u00e1nk, s\u0151t mag\u00e1nak Eur\u00f3p\u00e1nak a versenyk\u00e9pess\u00e9ge. Akkor mi\u00e9rt olyan sz\u00f6rny\u0171s\u00e9g, hogy vannak (vagy ink\u00e1bb csak kellen\u00e9nek) versenyk\u00e9pes magyar v\u00e1llalkoz\u00f3k? Lehet hergelni az embereket azzal, hogy ezek t\u00fal gazdagok, j\u00f3l meg kell ad\u00f3ztatni \u0151ket, de az igazs\u00e1g az, hogy a k\u00fclf\u00f6ldiekhez k\u00e9pest egy\u00e1ltal\u00e1n nem gazdagok, mert egyetlen komoly ipari l\u00e9tes\u00edtm\u00e9nyt sem tudtak m\u00e9g visszav\u00e1s\u00e1rolni.\u00a0 Az ellenoldal egy\u00e9bk\u00e9nt sem azt \u00e1ll\u00edtja, hogy \u0151k nem akarnak kapitalist\u00e1kat, csak azt, hogy bal- kapitalista j\u00f3 kapitalista, mert nem korrupt, a jobb-kapitalista rossz-kapitalista, mert korrupt. A ballaib oldal egy\u00e9bk\u00e9nt nemcsak hazai, hanem nemzetk\u00f6zi szinten is mindenkit korrupci\u00f3val v\u00e1dol, akit meg akar buktatni, mert ezt az emberek beveszik, noha nem is tudj\u00e1k pontosan, hogy ez val\u00f3j\u00e1ban mit takar. Mi pedig mivel ellenkamp\u00e1nyolunk? Azzal, hogy van-e nyelvvizsg\u00e1ja Kar\u00e1csonynak, \u00e9s tett-e antiszemita megjegyz\u00e9st B\u00edr\u00f3 L\u00e1szl\u00f3. Kit \u00e9rdekel ez? Az ellenoldal azt harsogja, hogy elloptuk az eg\u00e9sz orsz\u00e1got, mi meg azzal tromfolunk,hogy Magyar P\u00e9ter viszont ellopott egy mobil telefont. Mi azt soroljuk, hogy milyen eredm\u00e9nyeket \u00e9rt\u00fcnk el, de a \u201emosott agy\u00fa\u201d kisember mindezt egyetlen k\u00e9zlegyint\u00e9ssel int\u00e9zi el<strong>: <\/strong>\u201elehet, de tolvajokra akkor sem szavazok!\u201d<\/p>\n<p>A vil\u00e1gm\u00e9ret\u0171 balliber\u00e1lis\u00a0 strat\u00e9gia m\u00e1sik eleme az \u00fagynevezett jogv\u00e9delem. Szerint\u00fck mindenki el van nyomva, \u00e9s a m\u00faltban is folyamatosan jogfoszt\u00e1st \u00e9s s\u00e9relmet szenvedett el, de majd \u0151k megv\u00e9dik \u0151ket, \u00e9s igazs\u00e1got szolg\u00e1ltatnak. \u00c1ll\u00edt\u00e1suk szerint tombol a\u00a0 rasszizmus, az antiszemitizmus, a homof\u00f3bia, el vannak nyomva a n\u0151k, a gyerekek, a tan\u00e1rok, a cig\u00e1nyok, a hajl\u00e9ktalanok, jogfosztottak az alkalmazottak, a homoszexu\u00e1lisok, a migr\u00e1nsok, \u00e9s \u00e1ltal\u00e1ban mindenki. R\u00e9gm\u00falt eseteket b\u00e1ny\u00e1sznak el\u0151, eltorz\u00edtj\u00e1k, kiforgatj\u00e1k, k\u00f6rnyezet\u00e9b\u0151l kiragadj\u00e1k, egyes r\u00e9szeket elhallgatnak, m\u00e1sokat hozz\u00e1hazudnak. \u00cdgy lehet r\u00e9gen elfelejtett esetek felsz\u00ednre hozatal\u00e1val fesz\u00fclts\u00e9get, s\u0151t ellens\u00e9ges \u00e9rzelmeket, gy\u0171l\u00f6letet sz\u00edtani. Ez az \u00fagynevezett WOKE ideol\u00f3gia val\u00f3j\u00e1ban a legaljasabban kigondolt gy\u0171l\u00f6letkamp\u00e1ny. \u00cdgy lehet bomlasztani az eg\u00e9sz t\u00e1rsadalmat, bele\u00e9rtve a csal\u00e1dot, iskol\u00e1t, \u00e9s egym\u00e1s ellens\u00e9g\u00e9v\u00e9 hergelni az egyes t\u00e1rsadalmi r\u00e9tegeket, az eg\u00e9sz nemzetet. A mi, \u00e9s a sz\u00fcleink gener\u00e1ci\u00f3ja nem is vette \u00e9szre, hogy feles\u00e9g\u00fcnk, vagy \u00e9desany\u00e1nk el lenne nyomva. Most megtudtuk liber\u00e1lis\u00e9kt\u00f3l. Azt is megtudtuk ut\u00f3lag, hogy amikor ap\u00e1nkt\u00f3l vagy tan\u00e1runkt\u00f3l egy igazs\u00e1gos pofont kaptunk, akkor tulajdonk\u00e9ppen akad\u00e1lyozt\u00e1k egy\u00e9nis\u00e9g\u00fck helyes kifejl\u0151d\u00e9s\u00e9t. A legfelt\u0171n\u0151bb a cig\u00e1nys\u00e1g esete. A hetvenes \u00e9vekben tartott n\u00e9psz\u00e1ml\u00e1l\u00e1skor mind\u00f6ssze 65 ezren vallott\u00e1k magukat cig\u00e1nynak. Akkor is k\u00f6zel annyian voltak, mint manaps\u00e1g, de \u00f6nk\u00e9ntesen beolvadni akartak, \u00e9s azt a sz\u00f3t, hogy rasszizmus vagy szegreg\u00e1ci\u00f3 nem is ismert\u00e9k. Azut\u00e1n, a rendszerv\u00e1lt\u00e1s ut\u00e1n j\u00f6ttek az SzDSz-es jogv\u00e9d\u0151k, akik k\u00f6z\u00f6tt eleinte egyetlen cig\u00e1ny sem volt, de felaj\u00e1nlott\u00e1k seg\u00edts\u00e9g\u00fcket a \u201eszeg\u00e9ny elnyomott, kik\u00f6z\u00f6s\u00edtett, kifosztott, len\u00e9zett, munk\u00e1b\u00f3l-tanul\u00e1sb\u00f3l kiz\u00e1rt\u201d cig\u00e1nys\u00e1gnak. Tudjuk, hogy ez m\u00e1ra hova vezetett, milyen fesz\u00fclts\u00e9geket okozott, \u00e9s azt is tudjuk, hogy milyen sok f\u00e1rads\u00e1got jelent az Orb\u00e1n korm\u00e1nynak ezt f\u00e9ken tartania. Az igazi \u201ejogv\u00e9d\u0151nek\u201d azt kellene sulykolnia a cig\u00e1nys\u00e1gba, hogy v\u00e1ltozzon meg, \u00e9s viselkedjen a t\u00e1rsadalmi elv\u00e1r\u00e1soknak megfelel\u0151en, akkor lassan megsz\u0171nnek az el\u0151\u00edt\u00e9letek. De nem, sunyi m\u00f3don azt sugallj\u00e1k nekik, hogy minden\u00e9rt mi, a mi \u201ekirekeszt\u0151\u201d felfog\u00e1sunk a hib\u00e1s, amib\u0151l k\u00f6vetkezik, hogy mi\u00e9rt neki kellene megv\u00e1ltoznia,\u00a0 nek\u00fcnk kell megv\u00e1ltoznunk. (Nagyobb l\u00e9pt\u00e9kben ugyanez megy v\u00e9gbe Amerik\u00e1ban a BLM mozgalom keret\u00e9ben.) A globaliz\u00e1ci\u00f3 er\u0151inek c\u00e9lja a nemzetek atomiz\u00e1l\u00e1sa, \u00e9s erre felhaszn\u00e1lj\u00e1k a torz liber\u00e1lis eszmerendszert, m\u00e9g akkor is, ha ezzel fesz\u00fclts\u00e9get, ellens\u00e9gesked\u00e9st sz\u00edtanak, ami \u2013 mint tudjuk \u2013 nem a boldog, el\u00e9gedett lelki b\u00e9ke \u00e1llapota, hanem val\u00f3s\u00e1gos befecskendezett m\u00e9reg a t\u00e1rsadalom sz\u00f6vet\u00e9be. Sok szeg\u00e9ny, j\u00f3hiszem\u0171 kis jogv\u00e9d\u0151 pedig \u00e1ltal\u00e1ban nem is sejti, hogy miben seg\u00e9dkezik.<\/p>\n<p>A globaliz\u00e1ci\u00f3 legundor\u00edt\u00f3bb t\u00e1rsadalomrombol\u00f3 tette a homoszexualit\u00e1s minden eszk\u00f6zzel val\u00f3 t\u00e1mogat\u00e1sa, amely a nemzet alapsejtje, a csal\u00e1d ellen ir\u00e1nyul. \u00d6rd\u00f6gi m\u00f3don azt \u00e1ll\u00edtj\u00e1k, hogy csak a jogaik\u00e9rt harcolnak. Ez egyszer\u0171en nem igaz, mert a dolog \u00e1lland\u00f3 felsz\u00ednem tart\u00e1sa, a felvonul\u00e1sok, pride-ok, \u00e9s most m\u00e1r a kisiskol\u00e1sok k\u00f6z\u00f6tti \u201e\u00e9rz\u00e9keny\u00edt\u00e9s\u201d a ny\u00edlt rekl\u00e1moz\u00e1ssal egyenl\u0151. Pszichol\u00f3gusok v\u00e9lem\u00e9nye szerint a homoszexualit\u00e1s, mint minden abnormit\u00e1s, s\u00falyos pszich\u00e9s betegs\u00e9g. Term\u00e9szetesen mindenkit megilletnek az emberi jogok, de egyhez senkinek sem lehet joga, nevezetesen a betegs\u00e9ge terjeszt\u00e9s\u00e9hez. M\u00e1rpedig \u00e9ppen ez t\u00f6rt\u00e9nik, \u00e9s \u00fagy l\u00e1tszik, az EU vezet\u00e9s\u00e9nek hathat\u00f3s t\u00e1mogat\u00e1s\u00e1val. Nem igaz az olyan \u00e1ll\u00edt\u00e1s, hogy ezt nem lehet terjeszteni, mert biol\u00f3giai adotts\u00e1g. Nagyon elv\u00e9tve fordul el\u0151 eleve determin\u00e1lt adotts\u00e1g, rendszerint csak hajlam van, m\u00e1rpedig az, hogy a hajlam realiz\u00e1l\u00f3dik-e, az els\u0151sorban a k\u00f6rnyezet r\u00e1hat\u00e1s\u00e1t\u00f3l f\u00fcgg. M\u00e1s vonatkoz\u00e1sban term\u00e9szetesnek vessz\u00fck, hogy valaki rossz t\u00e1rsas\u00e1gba keveredett, ez\u00e9rt alkoholista, vagy pl\u00e1ne szip\u00f3s lett, akkor a homoszexualit\u00e1sban mi\u00e9rt nem igaz a k\u00f6rnyezet hat\u00e1sa? Vagy ahogy szent P\u00e1l mondja, mindny\u00e1junkban egy szent \u00e9s egy gonosztev\u0151 rejt\u0151zik, vigy\u00e1zzunk, hogy melyik jut v\u00e9g\u00fcl felsz\u00ednre. (Z\u00e1r\u00f3jelben jegyezz\u00fck meg, hogy a biol\u00f3giai determin\u00e1lts\u00e1g materialista felfog\u00e1st takar, de m\u00e9g csak nem is marxi \u00e9rtelemben, mert a dialektikus materializmus d\u00f6nt\u0151 fontoss\u00e1got tulajdon\u00edt a k\u00f6rnyezettel val\u00f3 k\u00f6lcs\u00f6nhat\u00e1snak.) Ami pedig a gender elm\u00e9letet illeti, a maga egyenl\u0151re csak 82 nemi be\u00e1ll\u00edtotts\u00e1g\u00e1val \u00e9s a nemis\u00e9g szabad megv\u00e1laszt\u00e1s\u00e1val, meg a \u201etransznem\u00fcs\u00edt\u00e9ssel,\u201d az maga az elmebaj, egy beteg t\u00e1rsadalom aberr\u00e1lt, torz megnyilv\u00e1nul\u00e1sa. Nem hiszem, hogy aki m\u00e9g csak n\u00e9h\u00e1ny \u00e9vtizede ilyesmit hirdetett volna, azt nem z\u00e1rt\u00e1k volna r\u00f6gt\u00f6n a bolondok h\u00e1z\u00e1ba, mert ilyet m\u00e9g Orwell sem tudott elk\u00e9pzelni. \u00c9s mindez az EU vezet\u00e9s\u00e9nek t\u00e1mogat\u00e1s\u00e1val, akik jogs\u00e9rt\u00e9si elj\u00e1r\u00e1st ind\u00edtanak ellen\u00fcnk, mert az Alkotm\u00e1nyunkba bevett\u00fck, hogy az apa csak f\u00e9rfi lehet, az anya pedig csak n\u0151. Ezek ut\u00e1n ne mondja nekem senki, hogy ez egy norm\u00e1lis t\u00e1rsadalom, ez az igazi demokr\u00e1cia, \u00e9s minden m\u00e1s diktat\u00fara. Akkor mi\u00e9rt tal\u00e1lta ki ezt a glob\u00e1lis h\u00e1tt\u00e9rhatalom? J\u00f3l vil\u00e1g\u00edt r\u00e1 G. Fodor G\u00e1bor most megjelent kiv\u00e1l\u00f3 k\u00f6nyv\u00e9ben (Az Orb\u00e1n Szab\u00e1ly, sz\u00e1zadv\u00e9g, 2021, amelyet mindenkinek elolvas\u00e1sra aj\u00e1nlok) hogy<strong>: <\/strong>\u201ea biol\u00f3giai nemmel kapcsolatos bizonytalans\u00e1g v\u00e9gk\u00e9pp al\u00e1\u00e1ssa az identit\u00e1sunkat.\u201d Val\u00f3ban erre van sz\u00fcks\u00e9g a globaliz\u00e1ci\u00f3 teljes megval\u00f3s\u00edt\u00e1s\u00e1hoz, arra, hogy a nemzeti, kultur\u00e1lis, vall\u00e1si identit\u00e1sunk ut\u00e1n most m\u00e1r nemi hovatartoz\u00e1sunkat is \u00f6sszezavarj\u00e1k, mert csak \u00edgy v\u00e1lhatunk a globaliz\u00e1lt embermassza identit\u00e1s\u00e1t vesztett, gy\u00f6k\u00e9rtelen t\u00f6megember\u00e9v\u00e9. M\u00e9g egy\u00e9rtelm\u0171bben fejezi ezt ki Birgit Kelle, M\u00e9g Norm\u00e1lis? c\u00edm\u0171 most megjelent, \u00e9s mindenkinek elolvas\u00e1sra aj\u00e1nlott k\u00f6nyv\u00e9ben: &#8222;aki a t\u00e1rsadalmat akarja lerombolni, az az alapjaihoz ny\u00fal hozz\u00e1, az a term\u00e9szetes csal\u00e1dra t\u00f6r &#8230;&#8230;&#8230;..Civiliz\u00e1ci\u00f3nkat nem meggyilkolj\u00e1k, hanem \u00f6ngyilkoss\u00e1got k\u00f6vettetnek el vele.&#8221;<\/p>\n<p><strong>\u00a0<\/strong><\/p>\n<p>x x x x x x x x x x x x x x x x<\/p>\n<p>Az Eur\u00f3p\u00e1ban \u00fajabban burj\u00e1nz\u00f3 \u201eZ\u00f6ld P\u00e1rtoknak\u201d a legf\u0151bb politikai fegyvere a k\u00f6rnyezetszennyez\u00e9s elleni harc lett. A M\u00e1ria R\u00e1di\u00f3 magazin 2020. janu\u00e1ri sz\u00e1m\u00e1ban a Wettstein j\u00f3zsef \u00e9s Zlinszky J\u00e1nos \u00e1ltal jegyzett cikk helyre teszi ezt az alapj\u00e1ban v\u00e9ve helyes, m\u00e9gis sunyi politikai h\u00e1ts\u00f3 sz\u00e1nd\u00e9kkal t\u00e1lalt kezdem\u00e9nyez\u00e9st.\u00a0 Az \u00fagynevezett z\u00f6ld p\u00e1rtok ugyanis egyt\u0151l egyig liber\u00e1lis be\u00e1ll\u00edtotts\u00e1g\u00faak, amelyek nem az okokat akarj\u00e1k megsz\u00fcntetni, hanem felsz\u00edni kezel\u00e9ssel \u2013 mint n\u00e9h\u00e1ny ezer fa \u00fcltet\u00e9s\u00e9vel, szelekt\u00edv hullad\u00e9kgy\u0171jt\u00e9ssel stb. \u2013 javasolj\u00e1k a probl\u00e9m\u00e1t megoldani. Ezen k\u00f6zben egy\u00e1ltal\u00e1n nem mutatnak r\u00e1 a m\u00e9lyebb okokra, miszerint a \u201er\u00f6geszm\u00e9s fogyaszt\u00f3i magatart\u00e1s rabjai vagyunk,\u201d \u00e9s t\u00e9ves elk\u00e9pzel\u00e9s\u00fcnk, hogy \u201eaddig vagyunk szabadok, am\u00edg fogyaszthatunk.\u201d Els\u0151dlegesen a \u201emodernit\u00e1s m\u00edtosz\u00e1nak\u201d a kritik\u00e1j\u00e1ra lenne sz\u00fcks\u00e9g. \u00a0Ilyen mitikus fogalmak az individualizmus, a verseny, a fogyaszt\u00e1s, a szab\u00e1lyok n\u00e9lk\u00fcli piac, a korl\u00e1tlan n\u00f6veked\u00e9s a halad\u00e1s nev\u00e9ben. Addig nem rem\u00e9lhet\u00fcnk igazi v\u00e1ltoz\u00e1st a k\u00f6rnyezetv\u00e9delem ter\u00fclet\u00e9n, am\u00edg nem hagyunk fel a pillanatnyi \u00e9lvezetekre \u00e9p\u00edt\u0151, hosszabb t\u00e1von fenntarthatatlan \u00e9letvitel\u00fcnkkel. Addig azt sem rem\u00e9lhetj\u00fck, hogy a fiatalokat igazi k\u00f6rnyezetv\u00e9delemre nevelhetj\u00fck, am\u00edg nem merj\u00fck a rosszat rossznak nevezni, \u00e9s visszautas\u00edtjuk azt a v\u00e1dat, hogy ez a tolerancia hi\u00e1nya, vagy \u201egy\u0171l\u00f6letbesz\u00e9d.\u201d Ha nem mer\u00fcnk szembe sz\u00e1llni az erk\u00f6lcsi relativizmussal, amely abszolutiz\u00e1lja a toleranci\u00e1t, az individualizmust \u00e9s a \u201em\u00e1ss\u00e1got,\u201d akkor nem \u00e9p\u00edthet\u0151 k\u00f6vetkezetes k\u00f6rnyezetv\u00e9delem. (Azt m\u00e1r \u00e9n teszem hozz\u00e1, hogy tal\u00e1n nem is ez a z\u00f6ldek c\u00e9lja, hanem csak a szavazataik sz\u00e1m\u00e1nak a n\u00f6vel\u00e9se.)<\/p>\n<p>Adal\u00e9kk\u00e9nt hozz\u00e1f\u0171z\u00f6m, hogy a k\u00f6zelm\u00faltban egy szak\u00e9rt\u0151i el\u0151ad\u00e1son elhangzott, miszerint az EU a vil\u00e1g k\u00e1rosanyag kibocs\u00e1t\u00e1s\u00e1nak csup\u00e1n 8 %- \u00e1t adja, \u00e9s ennek a nyolc\u00a0 sz\u00e1zal\u00e9knak mind\u00f6ssze 2 % -a haz\u00e1nk r\u00e9szesed\u00e9se. A szennyez\u00e9s t\u00falnyom\u00f3 r\u00e9sz\u00e9t \u00c1zsia \u00e9s a fejl\u0151d\u0151 orsz\u00e1gok termelik. Akkor tal\u00e1n el\u0151bb m\u00e1shol kellene rendet teremteni, \u00e9s nem n\u00e1lunk csin\u00e1lni bel\u0151le akkora h\u0171h\u00f3t.<\/p>\n","protected":false},"excerpt":{"rendered":"<p>Az ellenz\u00e9k legsikeresebb korm\u00e1ny ellenes \u00a0t\u00e1mad\u00e1si szlogenje az \u00e9vek \u00f3ta tart\u00f3 folyamatos sulykol\u00e1sa annak, hogy \u201ea Fidesz \u00e9s a korm\u00e1ny korrupt, s\u0151t Eur\u00f3pa legkorruptabb korm\u00e1nya, m\u00e1st se csin\u00e1l, mint a saj\u00e1t \u00e9s a haverjai zseb\u00e9t t\u00f6mi, \u00e9s mindezt t\u0151l\u00fcnk lopja &hellip; <a href=\"http:\/\/keresztenyszocialis-forum.hu\/?page_id=20\">Egy kattint\u00e1s ide a folytat\u00e1shoz&#8230;. <span class=\"meta-nav\">&rarr;<\/span><\/a><\/p>\n","protected":false},"author":2,"featured_media":0,"parent":0,"menu_order":0,"comment_status":"closed","ping_status":"closed","template":"","meta":{"footnotes":""},"class_list":["post-20","page","type-page","status-publish","hentry"],"_links":{"self":[{"href":"http:\/\/keresztenyszocialis-forum.hu\/index.php?rest_route=\/wp\/v2\/pages\/20","targetHints":{"allow":["GET"]}}],"collection":[{"href":"http:\/\/keresztenyszocialis-forum.hu\/index.php?rest_route=\/wp\/v2\/pages"}],"about":[{"href":"http:\/\/keresztenyszocialis-forum.hu\/index.php?rest_route=\/wp\/v2\/types\/page"}],"author":[{"embeddable":true,"href":"http:\/\/keresztenyszocialis-forum.hu\/index.php?rest_route=\/wp\/v2\/users\/2"}],"replies":[{"embeddable":true,"href":"http:\/\/keresztenyszocialis-forum.hu\/index.php?rest_route=%2Fwp%2Fv2%2Fcomments&post=20"}],"version-history":[{"count":30,"href":"http:\/\/keresztenyszocialis-forum.hu\/index.php?rest_route=\/wp\/v2\/pages\/20\/revisions"}],"predecessor-version":[{"id":333,"href":"http:\/\/keresztenyszocialis-forum.hu\/index.php?rest_route=\/wp\/v2\/pages\/20\/revisions\/333"}],"wp:attachment":[{"href":"http:\/\/keresztenyszocialis-forum.hu\/index.php?rest_route=%2Fwp%2Fv2%2Fmedia&parent=20"}],"curies":[{"name":"wp","href":"https:\/\/api.w.org\/{rel}","templated":true}]}}